{"id":22,"date":"2026-04-25T14:28:01","date_gmt":"2026-04-25T14:28:01","guid":{"rendered":"https:\/\/amimi-malak.mmigrenoble-dev.fr\/?page_id=22"},"modified":"2026-04-30T06:12:00","modified_gmt":"2026-04-30T06:12:00","slug":"accueil","status":"publish","type":"page","link":"https:\/\/amimi-malak.mmigrenoble-dev.fr\/","title":{"rendered":"Accueil"},"content":{"rendered":"\t\t<div data-elementor-type=\"wp-page\" data-elementor-id=\"22\" class=\"elementor elementor-22\">\n\t\t\t\t<div class=\"elementor-element elementor-element-873f4e7 e-flex e-con-boxed e-con e-parent\" data-id=\"873f4e7\" data-element_type=\"container\" data-e-type=\"container\" data-settings=\"{&quot;background_background&quot;:&quot;classic&quot;}\">\n\t\t\t\t\t<div class=\"e-con-inner\">\n\t\t<div class=\"elementor-element elementor-element-ae41649 e-con-full e-flex e-con e-child\" data-id=\"ae41649\" data-element_type=\"container\" data-e-type=\"container\" data-settings=\"{&quot;background_background&quot;:&quot;classic&quot;}\">\n\t\t\t\t<div class=\"elementor-element elementor-element-d7ccfc3 elementor-widget elementor-widget-text-editor\" data-id=\"d7ccfc3\" data-element_type=\"widget\" data-e-type=\"widget\" data-widget_type=\"text-editor.default\">\n\t\t\t\t\t\t\t\t\t<p>Hello, je suis Malak\u00a0<\/p>\t\t\t\t\t\t\t\t<\/div>\n\t\t\t\t<div class=\"elementor-element elementor-element-77bfb7e elementor-widget__width-initial elementor-widget elementor-widget-heading\" data-id=\"77bfb7e\" data-element_type=\"widget\" data-e-type=\"widget\" data-widget_type=\"heading.default\">\n\t\t\t\t\t<h2 class=\"elementor-heading-title elementor-size-default\">D\u00e9veloppeuse Web<\/h2>\t\t\t\t<\/div>\n\t\t\t\t<div class=\"elementor-element elementor-element-e19a311 elementor-widget__width-initial elementor-widget elementor-widget-heading\" data-id=\"e19a311\" data-element_type=\"widget\" data-e-type=\"widget\" data-widget_type=\"heading.default\">\n\t\t\t\t\t<h2 class=\"elementor-heading-title elementor-size-default\">&amp; UX Designer<\/h2>\t\t\t\t<\/div>\n\t\t\t\t<div class=\"elementor-element elementor-element-d99144d elementor-widget elementor-widget-text-editor\" data-id=\"d99144d\" data-element_type=\"widget\" data-e-type=\"widget\" data-widget_type=\"text-editor.default\">\n\t\t\t\t\t\t\t\t\t<p>Je cr\u00e9e des exp\u00e9riences digitales utiles, accessibles et esth\u00e9tiques. Passionn\u00e9e par le code et le design.<\/p>\t\t\t\t\t\t\t\t<\/div>\n\t\t<div class=\"elementor-element elementor-element-5d145a3 e-con-full e-flex e-con e-child\" data-id=\"5d145a3\" data-element_type=\"container\" data-e-type=\"container\">\n\t\t\t\t<div class=\"elementor-element elementor-element-db74648 elementor-widget elementor-widget-button\" data-id=\"db74648\" data-element_type=\"widget\" data-e-type=\"widget\" data-widget_type=\"button.default\">\n\t\t\t\t\t\t\t\t\t\t<a class=\"elementor-button elementor-button-link elementor-size-sm\" href=\"https:\/\/amimi-malak.mmigrenoble-dev.fr\/?page_id=26\">\n\t\t\t\t\t\t<span class=\"elementor-button-content-wrapper\">\n\t\t\t\t\t\t\t\t\t<span class=\"elementor-button-text\">Voir mes projets \u2192<\/span>\n\t\t\t\t\t<\/span>\n\t\t\t\t\t<\/a>\n\t\t\t\t\t\t\t\t<\/div>\n\t\t\t\t<div class=\"elementor-element elementor-element-07fcbc4 elementor-align-left elementor-widget elementor-widget-button\" data-id=\"07fcbc4\" data-element_type=\"widget\" data-e-type=\"widget\" data-widget_type=\"button.default\">\n\t\t\t\t\t\t\t\t\t\t<a class=\"elementor-button elementor-button-link elementor-size-sm\" href=\"https:\/\/amimi-malak.mmigrenoble-dev.fr\/?page_id=24*\">\n\t\t\t\t\t\t<span class=\"elementor-button-content-wrapper\">\n\t\t\t\t\t\t\t\t\t<span class=\"elementor-button-text\">En savoir plus<\/span>\n\t\t\t\t\t<\/span>\n\t\t\t\t\t<\/a>\n\t\t\t\t\t\t\t\t<\/div>\n\t\t\t\t<\/div>\n\t\t\t\t<\/div>\n\t\t\t\t<div class=\"elementor-element elementor-element-74dd037 elementor-widget elementor-widget-image\" data-id=\"74dd037\" data-element_type=\"widget\" data-e-type=\"widget\" data-widget_type=\"image.default\">\n\t\t\t\t\t\t\t\t\t\t\t\t\t\t\t<img fetchpriority=\"high\" decoding=\"async\" width=\"736\" height=\"981\" src=\"https:\/\/amimi-malak.mmigrenoble-dev.fr\/wp-content\/uploads\/2026\/04\/Coding-1.jpg\" class=\"attachment-large size-large wp-image-73\" alt=\"\" srcset=\"https:\/\/amimi-malak.mmigrenoble-dev.fr\/wp-content\/uploads\/2026\/04\/Coding-1.jpg 736w, https:\/\/amimi-malak.mmigrenoble-dev.fr\/wp-content\/uploads\/2026\/04\/Coding-1-225x300.jpg 225w\" sizes=\"(max-width: 736px) 100vw, 736px\" \/>\t\t\t\t\t\t\t\t\t\t\t\t\t\t\t<\/div>\n\t\t\t\t\t<\/div>\n\t\t\t\t<\/div>\n\t\t<div class=\"elementor-element elementor-element-3a6f6f1 e-flex e-con-boxed e-con e-parent\" data-id=\"3a6f6f1\" data-element_type=\"container\" data-e-type=\"container\" data-settings=\"{&quot;background_background&quot;:&quot;classic&quot;}\">\n\t\t\t\t\t<div class=\"e-con-inner\">\n\t\t<div class=\"elementor-element elementor-element-e856a13 e-con-full e-flex e-con e-child\" data-id=\"e856a13\" data-element_type=\"container\" data-e-type=\"container\">\n\t\t\t\t<div class=\"elementor-element elementor-element-d1c52a8 elementor-widget elementor-widget-image\" data-id=\"d1c52a8\" data-element_type=\"widget\" data-e-type=\"widget\" data-widget_type=\"image.default\">\n\t\t\t\t\t\t\t\t\t\t\t\t\t\t\t<img decoding=\"async\" width=\"683\" height=\"1024\" src=\"https:\/\/amimi-malak.mmigrenoble-dev.fr\/wp-content\/uploads\/2026\/04\/technology-background-_technology-background-graphics-_technology-background-designs-683x1024.jpg\" class=\"attachment-large size-large wp-image-82\" alt=\"\" srcset=\"https:\/\/amimi-malak.mmigrenoble-dev.fr\/wp-content\/uploads\/2026\/04\/technology-background-_technology-background-graphics-_technology-background-designs-683x1024.jpg 683w, https:\/\/amimi-malak.mmigrenoble-dev.fr\/wp-content\/uploads\/2026\/04\/technology-background-_technology-background-graphics-_technology-background-designs-200x300.jpg 200w, https:\/\/amimi-malak.mmigrenoble-dev.fr\/wp-content\/uploads\/2026\/04\/technology-background-_technology-background-graphics-_technology-background-designs.jpg 736w\" sizes=\"(max-width: 683px) 100vw, 683px\" \/>\t\t\t\t\t\t\t\t\t\t\t\t\t\t\t<\/div>\n\t\t\t\t<\/div>\n\t\t<div class=\"elementor-element elementor-element-c38a271 e-con-full e-flex e-con e-child\" data-id=\"c38a271\" data-element_type=\"container\" data-e-type=\"container\">\n\t\t\t\t<div class=\"elementor-element elementor-element-04a19e1 elementor-widget elementor-widget-text-editor\" data-id=\"04a19e1\" data-element_type=\"widget\" data-e-type=\"widget\" data-widget_type=\"text-editor.default\">\n\t\t\t\t\t\t\t\t\t<p>\u00c0 propos de moi<\/p>\t\t\t\t\t\t\t\t<\/div>\n\t\t\t\t<div class=\"elementor-element elementor-element-eb22dff elementor-widget elementor-widget-heading\" data-id=\"eb22dff\" data-element_type=\"widget\" data-e-type=\"widget\" data-widget_type=\"heading.default\">\n\t\t\t\t\t<h2 class=\"elementor-heading-title elementor-size-default\">Curieuse, cr\u00e9ative et rigoureuse.<\/h2>\t\t\t\t<\/div>\n\t\t\t\t<div class=\"elementor-element elementor-element-1a6f743 elementor-widget elementor-widget-text-editor\" data-id=\"1a6f743\" data-element_type=\"widget\" data-e-type=\"widget\" data-widget_type=\"text-editor.default\">\n\t\t\t\t\t\t\t\t\t<p>Je m&rsquo;appelle Malak Amimi, \u00e9tudiante en BUT MMI \u00e0 Grenoble. Passionn\u00e9e par le d\u00e9veloppement web et l&rsquo;UX Design.<\/p>\t\t\t\t\t\t\t\t<\/div>\n\t\t\t\t<div class=\"elementor-element elementor-element-2655934 elementor-widget elementor-widget-button\" data-id=\"2655934\" data-element_type=\"widget\" data-e-type=\"widget\" data-widget_type=\"button.default\">\n\t\t\t\t\t\t\t\t\t\t<a class=\"elementor-button elementor-button-link elementor-size-sm\" href=\"\">\n\t\t\t\t\t\t<span class=\"elementor-button-content-wrapper\">\n\t\t\t\t\t\t\t\t\t<span class=\"elementor-button-text\">Voir mon CV<\/span>\n\t\t\t\t\t<\/span>\n\t\t\t\t\t<\/a>\n\t\t\t\t\t\t\t\t<\/div>\n\t\t\t\t<\/div>\n\t\t<div class=\"elementor-element elementor-element-6979568 e-con-full e-flex e-con e-child\" data-id=\"6979568\" data-element_type=\"container\" data-e-type=\"container\">\n\t\t\t\t<div class=\"elementor-element elementor-element-96e778b elementor-widget elementor-widget-text-editor\" data-id=\"96e778b\" data-element_type=\"widget\" data-e-type=\"widget\" data-widget_type=\"text-editor.default\">\n\t\t\t\t\t\t\t\t\t<p>Mes comp\u00e9tences<\/p>\t\t\t\t\t\t\t\t<\/div>\n\t\t<div class=\"elementor-element elementor-element-b927734 e-grid e-con-full e-con e-child\" data-id=\"b927734\" data-element_type=\"container\" data-e-type=\"container\">\n\t\t\t\t<div class=\"elementor-element elementor-element-63f7745 elementor-widget elementor-widget-image\" data-id=\"63f7745\" data-element_type=\"widget\" data-e-type=\"widget\" data-widget_type=\"image.default\">\n\t\t\t\t\t\t\t\t\t\t\t\t<figure class=\"wp-caption\">\n\t\t\t\t\t\t\t\t\t\t<img decoding=\"async\" width=\"500\" height=\"500\" src=\"https:\/\/amimi-malak.mmigrenoble-dev.fr\/wp-content\/uploads\/2026\/04\/HTML-e.png\" class=\"attachment-1536x1536 size-1536x1536 wp-image-89\" alt=\"\" srcset=\"https:\/\/amimi-malak.mmigrenoble-dev.fr\/wp-content\/uploads\/2026\/04\/HTML-e.png 500w, https:\/\/amimi-malak.mmigrenoble-dev.fr\/wp-content\/uploads\/2026\/04\/HTML-e-300x300.png 300w, https:\/\/amimi-malak.mmigrenoble-dev.fr\/wp-content\/uploads\/2026\/04\/HTML-e-150x150.png 150w\" sizes=\"(max-width: 500px) 100vw, 500px\" \/>\t\t\t\t\t\t\t\t\t\t\t<figcaption class=\"widget-image-caption wp-caption-text\"><\/figcaption>\n\t\t\t\t\t\t\t\t\t\t<\/figure>\n\t\t\t\t\t\t\t\t\t<\/div>\n\t\t\t\t<div class=\"elementor-element elementor-element-182637e elementor-widget elementor-widget-image\" data-id=\"182637e\" data-element_type=\"widget\" data-e-type=\"widget\" data-widget_type=\"image.default\">\n\t\t\t\t\t\t\t\t\t\t\t\t<figure class=\"wp-caption\">\n\t\t\t\t\t\t\t\t\t\t<img loading=\"lazy\" decoding=\"async\" width=\"512\" height=\"512\" src=\"https:\/\/amimi-malak.mmigrenoble-dev.fr\/wp-content\/uploads\/2026\/04\/php.png\" class=\"attachment-large size-large wp-image-99\" alt=\"\" srcset=\"https:\/\/amimi-malak.mmigrenoble-dev.fr\/wp-content\/uploads\/2026\/04\/php.png 512w, https:\/\/amimi-malak.mmigrenoble-dev.fr\/wp-content\/uploads\/2026\/04\/php-300x300.png 300w, https:\/\/amimi-malak.mmigrenoble-dev.fr\/wp-content\/uploads\/2026\/04\/php-150x150.png 150w\" sizes=\"(max-width: 512px) 100vw, 512px\" \/>\t\t\t\t\t\t\t\t\t\t\t<figcaption class=\"widget-image-caption wp-caption-text\"><\/figcaption>\n\t\t\t\t\t\t\t\t\t\t<\/figure>\n\t\t\t\t\t\t\t\t\t<\/div>\n\t\t\t\t<div class=\"elementor-element elementor-element-f8ed916 elementor-widget elementor-widget-image\" data-id=\"f8ed916\" data-element_type=\"widget\" data-e-type=\"widget\" data-widget_type=\"image.default\">\n\t\t\t\t\t\t\t\t\t\t\t\t\t\t\t<img loading=\"lazy\" decoding=\"async\" width=\"512\" height=\"512\" src=\"https:\/\/amimi-malak.mmigrenoble-dev.fr\/wp-content\/uploads\/2026\/04\/css3.png\" class=\"attachment-large size-large wp-image-91\" alt=\"\" srcset=\"https:\/\/amimi-malak.mmigrenoble-dev.fr\/wp-content\/uploads\/2026\/04\/css3.png 512w, https:\/\/amimi-malak.mmigrenoble-dev.fr\/wp-content\/uploads\/2026\/04\/css3-300x300.png 300w, https:\/\/amimi-malak.mmigrenoble-dev.fr\/wp-content\/uploads\/2026\/04\/css3-150x150.png 150w\" sizes=\"(max-width: 512px) 100vw, 512px\" \/>\t\t\t\t\t\t\t\t\t\t\t\t\t\t\t<\/div>\n\t\t\t\t<div class=\"elementor-element elementor-element-5b467f8 elementor-widget elementor-widget-image\" data-id=\"5b467f8\" data-element_type=\"widget\" data-e-type=\"widget\" data-widget_type=\"image.default\">\n\t\t\t\t\t\t\t\t\t\t\t\t\t\t\t<img loading=\"lazy\" decoding=\"async\" width=\"800\" height=\"800\" src=\"https:\/\/amimi-malak.mmigrenoble-dev.fr\/wp-content\/uploads\/2026\/04\/javascript-logo-1024x1024.png\" class=\"attachment-large size-large wp-image-92\" alt=\"\" srcset=\"https:\/\/amimi-malak.mmigrenoble-dev.fr\/wp-content\/uploads\/2026\/04\/javascript-logo-1024x1024.png 1024w, https:\/\/amimi-malak.mmigrenoble-dev.fr\/wp-content\/uploads\/2026\/04\/javascript-logo-300x300.png 300w, https:\/\/amimi-malak.mmigrenoble-dev.fr\/wp-content\/uploads\/2026\/04\/javascript-logo-150x150.png 150w, https:\/\/amimi-malak.mmigrenoble-dev.fr\/wp-content\/uploads\/2026\/04\/javascript-logo-768x768.png 768w, https:\/\/amimi-malak.mmigrenoble-dev.fr\/wp-content\/uploads\/2026\/04\/javascript-logo.png 1280w\" sizes=\"(max-width: 800px) 100vw, 800px\" \/>\t\t\t\t\t\t\t\t\t\t\t\t\t\t\t<\/div>\n\t\t\t\t<div class=\"elementor-element elementor-element-e5993d9 elementor-widget elementor-widget-image\" data-id=\"e5993d9\" data-element_type=\"widget\" data-e-type=\"widget\" data-widget_type=\"image.default\">\n\t\t\t\t\t\t\t\t\t\t\t\t\t\t\t<img loading=\"lazy\" decoding=\"async\" width=\"480\" height=\"480\" src=\"https:\/\/amimi-malak.mmigrenoble-dev.fr\/wp-content\/uploads\/2026\/04\/Figma_-The-Collaborative-Interface-Design-Tool.jpg\" class=\"attachment-large size-large wp-image-109\" alt=\"\" srcset=\"https:\/\/amimi-malak.mmigrenoble-dev.fr\/wp-content\/uploads\/2026\/04\/Figma_-The-Collaborative-Interface-Design-Tool.jpg 480w, https:\/\/amimi-malak.mmigrenoble-dev.fr\/wp-content\/uploads\/2026\/04\/Figma_-The-Collaborative-Interface-Design-Tool-300x300.jpg 300w, https:\/\/amimi-malak.mmigrenoble-dev.fr\/wp-content\/uploads\/2026\/04\/Figma_-The-Collaborative-Interface-Design-Tool-150x150.jpg 150w\" sizes=\"(max-width: 480px) 100vw, 480px\" \/>\t\t\t\t\t\t\t\t\t\t\t\t\t\t\t<\/div>\n\t\t\t\t<div class=\"elementor-element elementor-element-8467afa elementor-widget elementor-widget-image\" data-id=\"8467afa\" data-element_type=\"widget\" data-e-type=\"widget\" data-widget_type=\"image.default\">\n\t\t\t\t\t\t\t\t\t\t\t\t\t\t\t<img loading=\"lazy\" decoding=\"async\" width=\"736\" height=\"736\" src=\"https:\/\/amimi-malak.mmigrenoble-dev.fr\/wp-content\/uploads\/2026\/04\/WordPress-app-icon.jpg\" class=\"attachment-large size-large wp-image-112\" alt=\"\" srcset=\"https:\/\/amimi-malak.mmigrenoble-dev.fr\/wp-content\/uploads\/2026\/04\/WordPress-app-icon.jpg 736w, https:\/\/amimi-malak.mmigrenoble-dev.fr\/wp-content\/uploads\/2026\/04\/WordPress-app-icon-300x300.jpg 300w, https:\/\/amimi-malak.mmigrenoble-dev.fr\/wp-content\/uploads\/2026\/04\/WordPress-app-icon-150x150.jpg 150w\" sizes=\"(max-width: 736px) 100vw, 736px\" \/>\t\t\t\t\t\t\t\t\t\t\t\t\t\t\t<\/div>\n\t\t\t\t<\/div>\n\t\t\t\t<div class=\"elementor-element elementor-element-5b68bb4 elementor-widget elementor-widget-button\" data-id=\"5b68bb4\" data-element_type=\"widget\" data-e-type=\"widget\" data-widget_type=\"button.default\">\n\t\t\t\t\t\t\t\t\t\t<a class=\"elementor-button elementor-button-link elementor-size-sm\" href=\"https:\/\/amimi-malak.mmigrenoble-dev.fr\/?page_id=228\">\n\t\t\t\t\t\t<span class=\"elementor-button-content-wrapper\">\n\t\t\t\t\t\t\t\t\t<span class=\"elementor-button-text\">Voir mes comp\u00e9tences -&gt;<\/span>\n\t\t\t\t\t<\/span>\n\t\t\t\t\t<\/a>\n\t\t\t\t\t\t\t\t<\/div>\n\t\t\t\t<\/div>\n\t\t\t\t\t<\/div>\n\t\t\t\t<\/div>\n\t\t\t\t<\/div>\n\t\t","protected":false},"excerpt":{"rendered":"<p>Hello, je suis Malak\u00a0 D\u00e9veloppeuse Web &amp; UX Designer Je cr\u00e9e des exp\u00e9riences digitales utiles, accessibles et esth\u00e9tiques. Passionn\u00e9e par le code et le design. Voir mes projets \u2192 En savoir plus \u00c0 propos de moi Curieuse, cr\u00e9ative et rigoureuse. Je m&rsquo;appelle Malak Amimi, \u00e9tudiante en BUT MMI \u00e0 Grenoble. Passionn\u00e9e par le d\u00e9veloppement web [&hellip;]<\/p>\n","protected":false},"author":4,"featured_media":0,"parent":0,"menu_order":0,"comment_status":"closed","ping_status":"closed","template":"","meta":{"footnotes":""},"class_list":["post-22","page","type-page","status-publish","hentry"],"_links":{"self":[{"href":"https:\/\/amimi-malak.mmigrenoble-dev.fr\/index.php?rest_route=\/wp\/v2\/pages\/22","targetHints":{"allow":["GET"]}}],"collection":[{"href":"https:\/\/amimi-malak.mmigrenoble-dev.fr\/index.php?rest_route=\/wp\/v2\/pages"}],"about":[{"href":"https:\/\/amimi-malak.mmigrenoble-dev.fr\/index.php?rest_route=\/wp\/v2\/types\/page"}],"author":[{"embeddable":true,"href":"https:\/\/amimi-malak.mmigrenoble-dev.fr\/index.php?rest_route=\/wp\/v2\/users\/4"}],"replies":[{"embeddable":true,"href":"https:\/\/amimi-malak.mmigrenoble-dev.fr\/index.php?rest_route=%2Fwp%2Fv2%2Fcomments&post=22"}],"version-history":[{"count":25,"href":"https:\/\/amimi-malak.mmigrenoble-dev.fr\/index.php?rest_route=\/wp\/v2\/pages\/22\/revisions"}],"predecessor-version":[{"id":265,"href":"https:\/\/amimi-malak.mmigrenoble-dev.fr\/index.php?rest_route=\/wp\/v2\/pages\/22\/revisions\/265"}],"wp:attachment":[{"href":"https:\/\/amimi-malak.mmigrenoble-dev.fr\/index.php?rest_route=%2Fwp%2Fv2%2Fmedia&parent=22"}],"curies":[{"name":"wp","href":"https:\/\/api.w.org\/{rel}","templated":true}]}}